{"id":1068,"date":"2026-01-13T19:13:30","date_gmt":"2026-01-13T19:13:30","guid":{"rendered":"https:\/\/liliheichstudio.estaciondiseno.es\/?page_id=1068"},"modified":"2026-01-19T10:45:57","modified_gmt":"2026-01-19T10:45:57","slug":"sobre-mi","status":"publish","type":"page","link":"https:\/\/liliheichstudio.estaciondiseno.es\/index.php\/sobre-mi\/","title":{"rendered":"Sobre m\u00ed"},"content":{"rendered":"\t\t<div data-elementor-type=\"wp-page\" data-elementor-id=\"1068\" class=\"elementor elementor-1068\" data-elementor-post-type=\"page\">\n\t\t\t\t\t\t<section class=\"elementor-section elementor-top-section elementor-element elementor-element-e5e0a8c elementor-section-full_width elementor-section-height-default elementor-section-height-default\" data-id=\"e5e0a8c\" data-element_type=\"section\">\n\t\t\t\t\t\t<div class=\"elementor-container elementor-column-gap-no\">\n\t\t\t\t\t<div class=\"elementor-column elementor-col-100 elementor-top-column elementor-element elementor-element-64c465a\" data-id=\"64c465a\" data-element_type=\"column\">\n\t\t\t<div class=\"elementor-widget-wrap elementor-element-populated\">\n\t\t\t\t\t\t<div class=\"elementor-element elementor-element-f087008 elementor-widget-tablet__width-initial elementor-widget elementor-widget-heading\" data-id=\"f087008\" data-element_type=\"widget\" data-widget_type=\"heading.default\">\n\t\t\t\t<div class=\"elementor-widget-container\">\n\t\t\t\t\t<h2 class=\"elementor-heading-title elementor-size-default\">Sobre m\u00ed<\/h2>\t\t\t\t<\/div>\n\t\t\t\t<\/div>\n\t\t\t\t\t<\/div>\n\t\t<\/div>\n\t\t\t\t\t<\/div>\n\t\t<\/section>\n\t\t\t\t<section class=\"elementor-section elementor-top-section elementor-element elementor-element-f07d084 elementor-section-full_width elementor-section-height-default elementor-section-height-default\" data-id=\"f07d084\" data-element_type=\"section\">\n\t\t\t\t\t\t<div class=\"elementor-container elementor-column-gap-default\">\n\t\t\t\t\t<div class=\"elementor-column elementor-col-100 elementor-top-column elementor-element elementor-element-92d7852\" data-id=\"92d7852\" data-element_type=\"column\">\n\t\t\t<div class=\"elementor-widget-wrap elementor-element-populated\">\n\t\t\t\t\t\t<div class=\"elementor-element elementor-element-6073048 elementor-widget-mobile__width-initial elementor-widget-divider--view-line elementor-widget elementor-widget-divider\" data-id=\"6073048\" data-element_type=\"widget\" data-widget_type=\"divider.default\">\n\t\t\t\t<div class=\"elementor-widget-container\">\n\t\t\t\t\t\t\t<div class=\"elementor-divider\">\n\t\t\t<span class=\"elementor-divider-separator\">\n\t\t\t\t\t\t<\/span>\n\t\t<\/div>\n\t\t\t\t\t\t<\/div>\n\t\t\t\t<\/div>\n\t\t\t\t\t<\/div>\n\t\t<\/div>\n\t\t\t\t\t<\/div>\n\t\t<\/section>\n\t\t\t\t<section class=\"elementor-section elementor-top-section elementor-element elementor-element-21295e0 elementor-section-full_width elementor-section-height-default elementor-section-height-default\" data-id=\"21295e0\" data-element_type=\"section\">\n\t\t\t\t\t\t<div class=\"elementor-container elementor-column-gap-default\">\n\t\t\t\t\t<div class=\"elementor-column elementor-col-100 elementor-top-column elementor-element elementor-element-198025f\" data-id=\"198025f\" data-element_type=\"column\">\n\t\t\t<div class=\"elementor-widget-wrap elementor-element-populated\">\n\t\t\t\t\t\t<div class=\"elementor-element elementor-element-2cff89a elementor-widget elementor-widget-spacer\" data-id=\"2cff89a\" data-element_type=\"widget\" data-widget_type=\"spacer.default\">\n\t\t\t\t<div class=\"elementor-widget-container\">\n\t\t\t\t\t\t\t<div class=\"elementor-spacer\">\n\t\t\t<div class=\"elementor-spacer-inner\"><\/div>\n\t\t<\/div>\n\t\t\t\t\t\t<\/div>\n\t\t\t\t<\/div>\n\t\t\t\t\t<\/div>\n\t\t<\/div>\n\t\t\t\t\t<\/div>\n\t\t<\/section>\n\t\t\t\t<section class=\"elementor-section elementor-top-section elementor-element elementor-element-23b51fd elementor-section-full_width elementor-section-height-default elementor-section-height-default\" data-id=\"23b51fd\" data-element_type=\"section\">\n\t\t\t\t\t\t<div class=\"elementor-container elementor-column-gap-no\">\n\t\t\t\t\t<div class=\"elementor-column elementor-col-33 elementor-top-column elementor-element elementor-element-4bb7c44\" data-id=\"4bb7c44\" data-element_type=\"column\">\n\t\t\t<div class=\"elementor-widget-wrap elementor-element-populated\">\n\t\t\t\t\t\t<div class=\"elementor-element elementor-element-dc5539f elementor-widget-tablet__width-initial elementor-widget elementor-widget-image\" data-id=\"dc5539f\" data-element_type=\"widget\" data-widget_type=\"image.default\">\n\t\t\t\t<div class=\"elementor-widget-container\">\n\t\t\t\t\t\t\t\t\t\t\t\t\t\t\t<img fetchpriority=\"high\" decoding=\"async\" width=\"683\" height=\"1024\" src=\"https:\/\/liliheichstudio.estaciondiseno.es\/wp-content\/uploads\/2026\/01\/IMG_6812-683x1024.jpg\" class=\"attachment-large size-large wp-image-1101\" alt=\"\" srcset=\"https:\/\/liliheichstudio.estaciondiseno.es\/wp-content\/uploads\/2026\/01\/IMG_6812-683x1024.jpg 683w, https:\/\/liliheichstudio.estaciondiseno.es\/wp-content\/uploads\/2026\/01\/IMG_6812-200x300.jpg 200w, https:\/\/liliheichstudio.estaciondiseno.es\/wp-content\/uploads\/2026\/01\/IMG_6812-768x1152.jpg 768w, https:\/\/liliheichstudio.estaciondiseno.es\/wp-content\/uploads\/2026\/01\/IMG_6812.jpg 832w\" sizes=\"(max-width: 683px) 100vw, 683px\" \/>\t\t\t\t\t\t\t\t\t\t\t\t\t\t\t<\/div>\n\t\t\t\t<\/div>\n\t\t\t\t\t<\/div>\n\t\t<\/div>\n\t\t\t\t<div class=\"elementor-column elementor-col-33 elementor-top-column elementor-element elementor-element-12a2c07\" data-id=\"12a2c07\" data-element_type=\"column\">\n\t\t\t<div class=\"elementor-widget-wrap elementor-element-populated\">\n\t\t\t\t\t\t<div class=\"elementor-element elementor-element-e101407 elementor-widget-tablet__width-initial elementor-widget elementor-widget-text-editor\" data-id=\"e101407\" data-element_type=\"widget\" data-widget_type=\"text-editor.default\">\n\t\t\t\t<div class=\"elementor-widget-container\">\n\t\t\t\t\t\t\t\t\t<p><span style=\"font-family: weblili4; font-size: 30px;\"><strong>\u00bfQuien soy?<\/strong><\/span><\/p><p><span style=\"font-size: 20px; font-family: weblili2;\">Soy una dise\u00f1adora de moda en formaci\u00f3n con una buena base t\u00e9cnica y una gran pasi\u00f3n por la creaci\u00f3n artesanal.<\/span><br \/><span style=\"font-size: 20px; font-family: weblili2;\">Soy T\u00e9cnica en Confecci\u00f3n y Moda, T\u00e9cnica Superior en Patronaje y Moda y actualmente curso el \u00faltimo a\u00f1o del Grado en Dise\u00f1o de Moda en Estaci\u00f3n Dise\u00f1o, donde tambi\u00e9n realic\u00e9 un curso especializado en manejo b\u00e1sico de Adobe Photoshop.<\/span><\/p><p><span style=\"font-size: 20px; font-family: weblili2;\">Mi trayectoria combina el dominio t\u00e9cnico con una visi\u00f3n creativa que me permite llevar una idea desde el boceto hasta la prenda final, siguiendo cada etapa del proceso.<\/span><\/p>\t\t\t\t\t\t\t\t<\/div>\n\t\t\t\t<\/div>\n\t\t\t\t\t<\/div>\n\t\t<\/div>\n\t\t\t\t<div class=\"elementor-column elementor-col-33 elementor-top-column elementor-element elementor-element-cb512ca\" data-id=\"cb512ca\" data-element_type=\"column\">\n\t\t\t<div class=\"elementor-widget-wrap elementor-element-populated\">\n\t\t\t\t\t\t<div class=\"elementor-element elementor-element-3a11b24 elementor-widget elementor-widget-image\" data-id=\"3a11b24\" data-element_type=\"widget\" data-widget_type=\"image.default\">\n\t\t\t\t<div class=\"elementor-widget-container\">\n\t\t\t\t\t\t\t\t\t\t\t\t\t\t\t<img decoding=\"async\" width=\"748\" height=\"1024\" src=\"https:\/\/liliheichstudio.estaciondiseno.es\/wp-content\/uploads\/2026\/01\/IMG_6798-748x1024.jpg\" class=\"attachment-large size-large wp-image-1084\" alt=\"\" srcset=\"https:\/\/liliheichstudio.estaciondiseno.es\/wp-content\/uploads\/2026\/01\/IMG_6798-748x1024.jpg 748w, https:\/\/liliheichstudio.estaciondiseno.es\/wp-content\/uploads\/2026\/01\/IMG_6798-219x300.jpg 219w, https:\/\/liliheichstudio.estaciondiseno.es\/wp-content\/uploads\/2026\/01\/IMG_6798.jpg 765w\" sizes=\"(max-width: 748px) 100vw, 748px\" \/>\t\t\t\t\t\t\t\t\t\t\t\t\t\t\t<\/div>\n\t\t\t\t<\/div>\n\t\t\t\t\t<\/div>\n\t\t<\/div>\n\t\t\t\t\t<\/div>\n\t\t<\/section>\n\t\t\t\t<section class=\"elementor-section elementor-top-section elementor-element elementor-element-db9f869 elementor-section-full_width elementor-section-height-default elementor-section-height-default\" data-id=\"db9f869\" data-element_type=\"section\">\n\t\t\t\t\t\t<div class=\"elementor-container elementor-column-gap-default\">\n\t\t\t\t\t<div class=\"elementor-column elementor-col-33 elementor-top-column elementor-element elementor-element-1ee182c\" data-id=\"1ee182c\" data-element_type=\"column\">\n\t\t\t<div class=\"elementor-widget-wrap elementor-element-populated\">\n\t\t\t\t\t\t<div class=\"elementor-element elementor-element-2a9d5e8 elementor-widget-tablet__width-initial elementor-widget elementor-widget-image\" data-id=\"2a9d5e8\" data-element_type=\"widget\" data-widget_type=\"image.default\">\n\t\t\t\t<div class=\"elementor-widget-container\">\n\t\t\t\t\t\t\t\t\t\t\t\t\t\t\t<img decoding=\"async\" width=\"747\" height=\"1024\" src=\"https:\/\/liliheichstudio.estaciondiseno.es\/wp-content\/uploads\/2026\/01\/IMG_6813-747x1024.jpg\" class=\"attachment-large size-large wp-image-1102\" alt=\"\" srcset=\"https:\/\/liliheichstudio.estaciondiseno.es\/wp-content\/uploads\/2026\/01\/IMG_6813-747x1024.jpg 747w, https:\/\/liliheichstudio.estaciondiseno.es\/wp-content\/uploads\/2026\/01\/IMG_6813-219x300.jpg 219w, https:\/\/liliheichstudio.estaciondiseno.es\/wp-content\/uploads\/2026\/01\/IMG_6813-768x1052.jpg 768w, https:\/\/liliheichstudio.estaciondiseno.es\/wp-content\/uploads\/2026\/01\/IMG_6813.jpg 864w\" sizes=\"(max-width: 747px) 100vw, 747px\" \/>\t\t\t\t\t\t\t\t\t\t\t\t\t\t\t<\/div>\n\t\t\t\t<\/div>\n\t\t\t\t\t<\/div>\n\t\t<\/div>\n\t\t\t\t<div class=\"elementor-column elementor-col-66 elementor-top-column elementor-element elementor-element-21fda0d\" data-id=\"21fda0d\" data-element_type=\"column\">\n\t\t\t<div class=\"elementor-widget-wrap elementor-element-populated\">\n\t\t\t\t\t\t<div class=\"elementor-element elementor-element-a4b2986 elementor-widget-mobile__width-initial elementor-widget elementor-widget-text-editor\" data-id=\"a4b2986\" data-element_type=\"widget\" data-widget_type=\"text-editor.default\">\n\t\t\t\t<div class=\"elementor-widget-container\">\n\t\t\t\t\t\t\t\t\t<p>\u00a0<\/p><p><strong><span style=\"font-size: 30px; font-family: weblili4;\">HABILIDADES T\u00c9CNICAS<\/span><\/strong><\/p><p><span style=\"font-size: 20px; font-family: weblili2;\">Mis principales fortalezas se centran en:<\/span><\/p><ul><li><span style=\"font-size: 20px; font-family: weblili2;\">Confecci\u00f3n y costura artesanal<\/span><\/li><li><span style=\"font-size: 20px; font-family: weblili2;\">Costura\u00a0 manual (botones, ojales, entolados&#8230;)<\/span><\/li><li><span style=\"font-size: 20px; font-family: weblili2;\">Acabados muy pulidos y cuidados de confecci\u00f3n<\/span><\/li><li><span style=\"font-size: 20px; font-family: weblili2;\">Direcci\u00f3n creativa y desarrollo completo de colecciones<\/span><\/li><li><span style=\"font-size: 20px; font-family: weblili2;\">Patronaje industrial y transformaciones<\/span><\/li><li><span style=\"font-size: 20px; font-family: weblili2;\">Conocimientos en fotograf\u00eda y edici\u00f3n, CLO3D, tejidos, materiales textiles, modelaje y maquillaje.<\/span><\/li><\/ul><p><strong><span style=\"font-size: 30px; font-family: weblili4;\">COMPETENCIAS PERSONALES<\/span><\/strong><\/p><p><span style=\"font-size: 20px; font-family: weblili2;\">Soy una persona organizada, responsable y resolutiva.<\/span><br \/><span style=\"font-size: 20px; font-family: weblili2;\">Disfruto del trabajo en equipo, me adapto f\u00e1cilmente a distintos ambientes y me siento c\u00f3moda trabajando bajo presi\u00f3n.<\/span><\/p><p><span style=\"font-family: weblili4;\"><strong><span style=\"font-size: 30px;\">VISI\u00d3N PROFESIONAL<\/span><\/strong><\/span><\/p><p><span style=\"font-size: 20px; font-family: weblili2;\">Mi gran objetivo es, en un futuro, crear mi propia marca de moda, enfocada en moda nupcial o de eventos, con un enfoque artesanal y de alta costura.<\/span><br \/><span style=\"font-size: 20px; font-family: weblili2;\">Me atrae especialmente la moda femenina, de gala y de espect\u00e1culo, donde puedo fusionar creatividad, t\u00e9cnica y detalle.<\/span><\/p><p><strong><span style=\"font-size: 30px; font-family: weblili4;\">MI FORMA DE ENTENDER LA MODA<\/span><\/strong><\/p><p><span style=\"font-size: 20px; font-family: weblili2;\">Soy una persona ambiciosa, curiosa y en constante aprendizaje. Me gusta explorar distintas disciplinas y comprender cada parte del proceso creativo: desde el dise\u00f1o y el patronaje hasta la confecci\u00f3n, la fotograf\u00eda o la direcci\u00f3n art\u00edstica.<\/span><\/p><p><span style=\"font-size: 20px; font-family: weblili2;\">En mis proyectos actuales realizo todas las fases: dise\u00f1o, patronaje, confecci\u00f3n, fichas t\u00e9cnicas e incluso la fotograf\u00eda y edici\u00f3n de las sesiones.<\/span><br \/><span style=\"font-size: 20px; font-family: weblili2;\">Esto me permite mantener un control minucioso sobre el resultado final y asegurar que cada prenda refleje mi visi\u00f3n y cuidado por el detalle.<\/span><\/p>\t\t\t\t\t\t\t\t<\/div>\n\t\t\t\t<\/div>\n\t\t\t\t\t<\/div>\n\t\t<\/div>\n\t\t\t\t\t<\/div>\n\t\t<\/section>\n\t\t\t\t<section class=\"elementor-section elementor-top-section elementor-element elementor-element-9d29515 elementor-section-full_width elementor-section-height-default elementor-section-height-default\" data-id=\"9d29515\" data-element_type=\"section\">\n\t\t\t\t\t\t<div class=\"elementor-container elementor-column-gap-no\">\n\t\t\t\t\t<div class=\"elementor-column elementor-col-25 elementor-top-column elementor-element elementor-element-e676078\" data-id=\"e676078\" data-element_type=\"column\">\n\t\t\t<div class=\"elementor-widget-wrap elementor-element-populated\">\n\t\t\t\t\t\t<div class=\"elementor-element elementor-element-d5907b8 elementor-widget-tablet__width-initial elementor-widget elementor-widget-image\" data-id=\"d5907b8\" data-element_type=\"widget\" data-widget_type=\"image.default\">\n\t\t\t\t<div class=\"elementor-widget-container\">\n\t\t\t\t\t\t\t\t\t\t\t\t\t\t\t<img loading=\"lazy\" decoding=\"async\" width=\"682\" height=\"1024\" src=\"https:\/\/liliheichstudio.estaciondiseno.es\/wp-content\/uploads\/2026\/01\/d68dee26-0a81-4ff0-a75f-4c6e69cd7450-682x1024.jpg\" class=\"attachment-large size-large wp-image-1076\" alt=\"\" srcset=\"https:\/\/liliheichstudio.estaciondiseno.es\/wp-content\/uploads\/2026\/01\/d68dee26-0a81-4ff0-a75f-4c6e69cd7450-682x1024.jpg 682w, https:\/\/liliheichstudio.estaciondiseno.es\/wp-content\/uploads\/2026\/01\/d68dee26-0a81-4ff0-a75f-4c6e69cd7450-200x300.jpg 200w, https:\/\/liliheichstudio.estaciondiseno.es\/wp-content\/uploads\/2026\/01\/d68dee26-0a81-4ff0-a75f-4c6e69cd7450-768x1153.jpg 768w, https:\/\/liliheichstudio.estaciondiseno.es\/wp-content\/uploads\/2026\/01\/d68dee26-0a81-4ff0-a75f-4c6e69cd7450-1023x1536.jpg 1023w, https:\/\/liliheichstudio.estaciondiseno.es\/wp-content\/uploads\/2026\/01\/d68dee26-0a81-4ff0-a75f-4c6e69cd7450.jpg 1066w\" sizes=\"(max-width: 682px) 100vw, 682px\" \/>\t\t\t\t\t\t\t\t\t\t\t\t\t\t\t<\/div>\n\t\t\t\t<\/div>\n\t\t\t\t\t<\/div>\n\t\t<\/div>\n\t\t\t\t<div class=\"elementor-column elementor-col-25 elementor-top-column elementor-element elementor-element-7c77456\" data-id=\"7c77456\" data-element_type=\"column\">\n\t\t\t<div class=\"elementor-widget-wrap elementor-element-populated\">\n\t\t\t\t\t\t<div class=\"elementor-element elementor-element-a9a73b8 elementor-widget elementor-widget-image\" data-id=\"a9a73b8\" data-element_type=\"widget\" data-widget_type=\"image.default\">\n\t\t\t\t<div class=\"elementor-widget-container\">\n\t\t\t\t\t\t\t\t\t\t\t\t\t\t\t<img loading=\"lazy\" decoding=\"async\" width=\"683\" height=\"1024\" src=\"https:\/\/liliheichstudio.estaciondiseno.es\/wp-content\/uploads\/2026\/01\/B66D9F1A-CF6B-4F85-9F81-97DBD765F409-683x1024.jpg\" class=\"attachment-large size-large wp-image-1075\" alt=\"\" srcset=\"https:\/\/liliheichstudio.estaciondiseno.es\/wp-content\/uploads\/2026\/01\/B66D9F1A-CF6B-4F85-9F81-97DBD765F409-683x1024.jpg 683w, https:\/\/liliheichstudio.estaciondiseno.es\/wp-content\/uploads\/2026\/01\/B66D9F1A-CF6B-4F85-9F81-97DBD765F409-200x300.jpg 200w, https:\/\/liliheichstudio.estaciondiseno.es\/wp-content\/uploads\/2026\/01\/B66D9F1A-CF6B-4F85-9F81-97DBD765F409-768x1152.jpg 768w, https:\/\/liliheichstudio.estaciondiseno.es\/wp-content\/uploads\/2026\/01\/B66D9F1A-CF6B-4F85-9F81-97DBD765F409.jpg 843w\" sizes=\"(max-width: 683px) 100vw, 683px\" \/>\t\t\t\t\t\t\t\t\t\t\t\t\t\t\t<\/div>\n\t\t\t\t<\/div>\n\t\t\t\t\t<\/div>\n\t\t<\/div>\n\t\t\t\t<div class=\"elementor-column elementor-col-25 elementor-top-column elementor-element elementor-element-b71fb08\" data-id=\"b71fb08\" data-element_type=\"column\">\n\t\t\t<div class=\"elementor-widget-wrap elementor-element-populated\">\n\t\t\t\t\t\t<div class=\"elementor-element elementor-element-9713e74 elementor-widget elementor-widget-image\" data-id=\"9713e74\" data-element_type=\"widget\" data-widget_type=\"image.default\">\n\t\t\t\t<div class=\"elementor-widget-container\">\n\t\t\t\t\t\t\t\t\t\t\t\t\t\t\t<img loading=\"lazy\" decoding=\"async\" width=\"682\" height=\"1024\" src=\"https:\/\/liliheichstudio.estaciondiseno.es\/wp-content\/uploads\/2026\/01\/b7b53ad7-6669-455b-adf1-acdf0e8ccd2a-682x1024.jpg\" class=\"attachment-large size-large wp-image-1074\" alt=\"\" srcset=\"https:\/\/liliheichstudio.estaciondiseno.es\/wp-content\/uploads\/2026\/01\/b7b53ad7-6669-455b-adf1-acdf0e8ccd2a-682x1024.jpg 682w, https:\/\/liliheichstudio.estaciondiseno.es\/wp-content\/uploads\/2026\/01\/b7b53ad7-6669-455b-adf1-acdf0e8ccd2a-200x300.jpg 200w, https:\/\/liliheichstudio.estaciondiseno.es\/wp-content\/uploads\/2026\/01\/b7b53ad7-6669-455b-adf1-acdf0e8ccd2a-768x1153.jpg 768w, https:\/\/liliheichstudio.estaciondiseno.es\/wp-content\/uploads\/2026\/01\/b7b53ad7-6669-455b-adf1-acdf0e8ccd2a-1023x1536.jpg 1023w, https:\/\/liliheichstudio.estaciondiseno.es\/wp-content\/uploads\/2026\/01\/b7b53ad7-6669-455b-adf1-acdf0e8ccd2a.jpg 1066w\" sizes=\"(max-width: 682px) 100vw, 682px\" \/>\t\t\t\t\t\t\t\t\t\t\t\t\t\t\t<\/div>\n\t\t\t\t<\/div>\n\t\t\t\t\t<\/div>\n\t\t<\/div>\n\t\t\t\t<div class=\"elementor-column elementor-col-25 elementor-top-column elementor-element elementor-element-604139d\" data-id=\"604139d\" data-element_type=\"column\">\n\t\t\t<div class=\"elementor-widget-wrap elementor-element-populated\">\n\t\t\t\t\t\t<div class=\"elementor-element elementor-element-87a4477 elementor-widget elementor-widget-image\" data-id=\"87a4477\" data-element_type=\"widget\" data-widget_type=\"image.default\">\n\t\t\t\t<div class=\"elementor-widget-container\">\n\t\t\t\t\t\t\t\t\t\t\t\t\t\t\t<img loading=\"lazy\" decoding=\"async\" width=\"682\" height=\"1024\" src=\"https:\/\/liliheichstudio.estaciondiseno.es\/wp-content\/uploads\/2026\/01\/adc40d9d-aa3f-4583-8adb-f1ac8d16077a-1-682x1024.jpg\" class=\"attachment-large size-large wp-image-1078\" alt=\"\" srcset=\"https:\/\/liliheichstudio.estaciondiseno.es\/wp-content\/uploads\/2026\/01\/adc40d9d-aa3f-4583-8adb-f1ac8d16077a-1-682x1024.jpg 682w, https:\/\/liliheichstudio.estaciondiseno.es\/wp-content\/uploads\/2026\/01\/adc40d9d-aa3f-4583-8adb-f1ac8d16077a-1-200x300.jpg 200w, https:\/\/liliheichstudio.estaciondiseno.es\/wp-content\/uploads\/2026\/01\/adc40d9d-aa3f-4583-8adb-f1ac8d16077a-1-768x1153.jpg 768w, https:\/\/liliheichstudio.estaciondiseno.es\/wp-content\/uploads\/2026\/01\/adc40d9d-aa3f-4583-8adb-f1ac8d16077a-1-1023x1536.jpg 1023w, https:\/\/liliheichstudio.estaciondiseno.es\/wp-content\/uploads\/2026\/01\/adc40d9d-aa3f-4583-8adb-f1ac8d16077a-1.jpg 1066w\" sizes=\"(max-width: 682px) 100vw, 682px\" \/>\t\t\t\t\t\t\t\t\t\t\t\t\t\t\t<\/div>\n\t\t\t\t<\/div>\n\t\t\t\t\t<\/div>\n\t\t<\/div>\n\t\t\t\t\t<\/div>\n\t\t<\/section>\n\t\t\t\t<\/div>\n\t\t","protected":false},"excerpt":{"rendered":"<p>Sobre m\u00ed \u00bfQuien soy? Soy una dise\u00f1adora de moda en formaci\u00f3n con una buena base t\u00e9cnica y una gran pasi\u00f3n por la creaci\u00f3n artesanal.Soy T\u00e9cnica &hellip; <\/p>\n","protected":false},"author":1,"featured_media":0,"parent":0,"menu_order":0,"comment_status":"closed","ping_status":"closed","template":"elementor_header_footer","meta":{"footnotes":""},"class_list":["post-1068","page","type-page","status-publish","hentry"],"yoast_head":"<!-- This site is optimized with the Yoast SEO Premium plugin v20.12 (Yoast SEO v20.12) - https:\/\/yoast.com\/wordpress\/plugins\/seo\/ -->\n<title>Sobre m\u00ed - LiliHeichStudio<\/title>\n<meta name=\"robots\" content=\"index, follow, max-snippet:-1, max-image-preview:large, max-video-preview:-1\" \/>\n<link rel=\"canonical\" href=\"https:\/\/liliheichstudio.estaciondiseno.es\/index.php\/sobre-mi\/\" \/>\n<meta property=\"og:locale\" content=\"es_ES\" \/>\n<meta property=\"og:type\" content=\"article\" \/>\n<meta property=\"og:title\" content=\"Sobre m\u00ed\" \/>\n<meta property=\"og:description\" content=\"Sobre m\u00ed \u00bfQuien soy? Soy una dise\u00f1adora de moda en formaci\u00f3n con una buena base t\u00e9cnica y una gran pasi\u00f3n por la creaci\u00f3n artesanal.Soy T\u00e9cnica &hellip;\" \/>\n<meta property=\"og:url\" content=\"https:\/\/liliheichstudio.estaciondiseno.es\/index.php\/sobre-mi\/\" \/>\n<meta property=\"og:site_name\" content=\"LiliHeichStudio\" \/>\n<meta property=\"article:modified_time\" content=\"2026-01-19T10:45:57+00:00\" \/>\n<meta property=\"og:image\" content=\"https:\/\/liliheichstudio.estaciondiseno.es\/wp-content\/uploads\/2026\/01\/IMG_6812-683x1024.jpg\" \/>\n<meta name=\"twitter:card\" content=\"summary_large_image\" \/>\n<meta name=\"twitter:label1\" content=\"Tiempo de lectura\" \/>\n\t<meta name=\"twitter:data1\" content=\"9 minutos\" \/>\n<script type=\"application\/ld+json\" class=\"yoast-schema-graph\">{\"@context\":\"https:\/\/schema.org\",\"@graph\":[{\"@type\":\"WebPage\",\"@id\":\"https:\/\/liliheichstudio.estaciondiseno.es\/index.php\/sobre-mi\/\",\"url\":\"https:\/\/liliheichstudio.estaciondiseno.es\/index.php\/sobre-mi\/\",\"name\":\"Sobre m\u00ed - LiliHeichStudio\",\"isPartOf\":{\"@id\":\"https:\/\/liliheichstudio.estaciondiseno.es\/#website\"},\"datePublished\":\"2026-01-13T19:13:30+00:00\",\"dateModified\":\"2026-01-19T10:45:57+00:00\",\"breadcrumb\":{\"@id\":\"https:\/\/liliheichstudio.estaciondiseno.es\/index.php\/sobre-mi\/#breadcrumb\"},\"inLanguage\":\"es\",\"potentialAction\":[{\"@type\":\"ReadAction\",\"target\":[\"https:\/\/liliheichstudio.estaciondiseno.es\/index.php\/sobre-mi\/\"]}]},{\"@type\":\"BreadcrumbList\",\"@id\":\"https:\/\/liliheichstudio.estaciondiseno.es\/index.php\/sobre-mi\/#breadcrumb\",\"itemListElement\":[{\"@type\":\"ListItem\",\"position\":1,\"name\":\"Home\",\"item\":\"https:\/\/liliheichstudio.estaciondiseno.es\/\"},{\"@type\":\"ListItem\",\"position\":2,\"name\":\"Sobre m\u00ed\"}]},{\"@type\":\"WebSite\",\"@id\":\"https:\/\/liliheichstudio.estaciondiseno.es\/#website\",\"url\":\"https:\/\/liliheichstudio.estaciondiseno.es\/\",\"name\":\"LiliHeichStudio\",\"description\":\"Portfolio\",\"potentialAction\":[{\"@type\":\"SearchAction\",\"target\":{\"@type\":\"EntryPoint\",\"urlTemplate\":\"https:\/\/liliheichstudio.estaciondiseno.es\/?s={search_term_string}\"},\"query-input\":\"required name=search_term_string\"}],\"inLanguage\":\"es\"}]}<\/script>\n<!-- \/ Yoast SEO Premium plugin. -->","yoast_head_json":{"title":"Sobre m\u00ed - LiliHeichStudio","robots":{"index":"index","follow":"follow","max-snippet":"max-snippet:-1","max-image-preview":"max-image-preview:large","max-video-preview":"max-video-preview:-1"},"canonical":"https:\/\/liliheichstudio.estaciondiseno.es\/index.php\/sobre-mi\/","og_locale":"es_ES","og_type":"article","og_title":"Sobre m\u00ed","og_description":"Sobre m\u00ed \u00bfQuien soy? Soy una dise\u00f1adora de moda en formaci\u00f3n con una buena base t\u00e9cnica y una gran pasi\u00f3n por la creaci\u00f3n artesanal.Soy T\u00e9cnica &hellip;","og_url":"https:\/\/liliheichstudio.estaciondiseno.es\/index.php\/sobre-mi\/","og_site_name":"LiliHeichStudio","article_modified_time":"2026-01-19T10:45:57+00:00","og_image":[{"url":"https:\/\/liliheichstudio.estaciondiseno.es\/wp-content\/uploads\/2026\/01\/IMG_6812-683x1024.jpg"}],"twitter_card":"summary_large_image","twitter_misc":{"Tiempo de lectura":"9 minutos"},"schema":{"@context":"https:\/\/schema.org","@graph":[{"@type":"WebPage","@id":"https:\/\/liliheichstudio.estaciondiseno.es\/index.php\/sobre-mi\/","url":"https:\/\/liliheichstudio.estaciondiseno.es\/index.php\/sobre-mi\/","name":"Sobre m\u00ed - LiliHeichStudio","isPartOf":{"@id":"https:\/\/liliheichstudio.estaciondiseno.es\/#website"},"datePublished":"2026-01-13T19:13:30+00:00","dateModified":"2026-01-19T10:45:57+00:00","breadcrumb":{"@id":"https:\/\/liliheichstudio.estaciondiseno.es\/index.php\/sobre-mi\/#breadcrumb"},"inLanguage":"es","potentialAction":[{"@type":"ReadAction","target":["https:\/\/liliheichstudio.estaciondiseno.es\/index.php\/sobre-mi\/"]}]},{"@type":"BreadcrumbList","@id":"https:\/\/liliheichstudio.estaciondiseno.es\/index.php\/sobre-mi\/#breadcrumb","itemListElement":[{"@type":"ListItem","position":1,"name":"Home","item":"https:\/\/liliheichstudio.estaciondiseno.es\/"},{"@type":"ListItem","position":2,"name":"Sobre m\u00ed"}]},{"@type":"WebSite","@id":"https:\/\/liliheichstudio.estaciondiseno.es\/#website","url":"https:\/\/liliheichstudio.estaciondiseno.es\/","name":"LiliHeichStudio","description":"Portfolio","potentialAction":[{"@type":"SearchAction","target":{"@type":"EntryPoint","urlTemplate":"https:\/\/liliheichstudio.estaciondiseno.es\/?s={search_term_string}"},"query-input":"required name=search_term_string"}],"inLanguage":"es"}]}},"_links":{"self":[{"href":"https:\/\/liliheichstudio.estaciondiseno.es\/index.php\/wp-json\/wp\/v2\/pages\/1068","targetHints":{"allow":["GET"]}}],"collection":[{"href":"https:\/\/liliheichstudio.estaciondiseno.es\/index.php\/wp-json\/wp\/v2\/pages"}],"about":[{"href":"https:\/\/liliheichstudio.estaciondiseno.es\/index.php\/wp-json\/wp\/v2\/types\/page"}],"author":[{"embeddable":true,"href":"https:\/\/liliheichstudio.estaciondiseno.es\/index.php\/wp-json\/wp\/v2\/users\/1"}],"replies":[{"embeddable":true,"href":"https:\/\/liliheichstudio.estaciondiseno.es\/index.php\/wp-json\/wp\/v2\/comments?post=1068"}],"version-history":[{"count":52,"href":"https:\/\/liliheichstudio.estaciondiseno.es\/index.php\/wp-json\/wp\/v2\/pages\/1068\/revisions"}],"predecessor-version":[{"id":1483,"href":"https:\/\/liliheichstudio.estaciondiseno.es\/index.php\/wp-json\/wp\/v2\/pages\/1068\/revisions\/1483"}],"wp:attachment":[{"href":"https:\/\/liliheichstudio.estaciondiseno.es\/index.php\/wp-json\/wp\/v2\/media?parent=1068"}],"curies":[{"name":"wp","href":"https:\/\/api.w.org\/{rel}","templated":true}]}}